{"id":2,"date":"2016-05-18T12:07:28","date_gmt":"2016-05-18T10:07:28","guid":{"rendered":"http:\/\/oyaonis.ch\/?page_id=2"},"modified":"2016-05-18T12:07:28","modified_gmt":"2016-05-18T10:07:28","slug":"beispiel-seite","status":"publish","type":"page","link":"https:\/\/oyaonis.ch\/index.php\/beispiel-seite\/","title":{"rendered":"Beispiel-Seite"},"content":{"rendered":"<p>Dies ist eine Beispiel-Seite. Sie unterscheidet sich von Beitr\u00e4gen, da sie stets an der selben Stelle bleibt und (bei den meisten Themes) in der Navigation angezeigt wird. Die meisten Leute starten mit einem Impressum oder einer &#8222;\u00dcber uns&#8220;-Seite mit einer Vorstellung f\u00fcr m\u00f6gliche Besucher der Website.  Dort k\u00f6nnte zum Beispiel stehen:<\/p>\n<blockquote><p>Hallo! Tags\u00fcber arbeite ich als Fahrradkurier, nachts bin ich ein aufstrebender Schauspieler und dies hier ist meine Website. Ich lebe in Berlin, habe einen grossen Hund namens Jack, mag die Fantastischen Vier und ein k\u00fchles Bier.<\/p><\/blockquote>\n<p>&#8230;oder sowas wie:<\/p>\n<blockquote><p>Unsere Firma XYZ wurde 1971 gegr\u00fcndet, und hat seither eine Menge hochqualitativen ABC f\u00fcr die \u00d6ffentlichkeit produziert. Ans\u00e4ssig in Gotham City, hat XYZ mittlerweile \u00fcber 2,000 Mitarbeiter und entwickelt immer wieder grossartige Dinge f\u00fcr die ganze Gothham Gemeinschaft.<\/p><\/blockquote>\n<p>Als neuer WordPress-Nutzer sollten Sie das <a href=\"http:\/\/oyaonis.ch\/wp-admin\/\">Dashboard<\/a> aufrufen, um diese Seite zu l\u00f6schen und statt dessen eine neue Seite mit Ihren eigenen Inhalten erstellen. Viel Spass!<\/p>\n","protected":false},"excerpt":{"rendered":"<p>Dies ist eine Beispiel-Seite. Sie unterscheidet sich von Beitr\u00e4gen, da sie stets an der selben Stelle bleibt und (bei den meisten Themes) in der Navigation angezeigt wird. Die meisten Leute starten mit einem Impressum oder einer &#8222;\u00dcber uns&#8220;-Seite mit einer Vorstellung f\u00fcr m\u00f6gliche Besucher der Website. Dort k\u00f6nnte zum Beispiel stehen: Hallo! Tags\u00fcber arbeite ich &hellip; <a href=\"https:\/\/oyaonis.ch\/index.php\/beispiel-seite\/\" class=\"more-link\">Continue reading<span class=\"screen-reader-text\"> &#8220;Beispiel-Seite&#8221;<\/span><\/a><\/p>\n","protected":false},"author":1,"featured_media":0,"parent":0,"menu_order":0,"comment_status":"closed","ping_status":"open","template":"","meta":{"footnotes":""},"class_list":["post-2","page","type-page","status-publish","hentry"],"_links":{"self":[{"href":"https:\/\/oyaonis.ch\/index.php\/wp-json\/wp\/v2\/pages\/2","targetHints":{"allow":["GET"]}}],"collection":[{"href":"https:\/\/oyaonis.ch\/index.php\/wp-json\/wp\/v2\/pages"}],"about":[{"href":"https:\/\/oyaonis.ch\/index.php\/wp-json\/wp\/v2\/types\/page"}],"author":[{"embeddable":true,"href":"https:\/\/oyaonis.ch\/index.php\/wp-json\/wp\/v2\/users\/1"}],"replies":[{"embeddable":true,"href":"https:\/\/oyaonis.ch\/index.php\/wp-json\/wp\/v2\/comments?post=2"}],"version-history":[{"count":0,"href":"https:\/\/oyaonis.ch\/index.php\/wp-json\/wp\/v2\/pages\/2\/revisions"}],"wp:attachment":[{"href":"https:\/\/oyaonis.ch\/index.php\/wp-json\/wp\/v2\/media?parent=2"}],"curies":[{"name":"wp","href":"https:\/\/api.w.org\/{rel}","templated":true}]}}